{"id":196,"date":"2021-02-14T21:14:03","date_gmt":"2021-02-14T21:14:03","guid":{"rendered":"http:\/\/masde6.com\/?page_id=196"},"modified":"2021-05-29T21:11:55","modified_gmt":"2021-05-29T21:11:55","slug":"inversion-en-retornos-infinitos","status":"publish","type":"page","link":"https:\/\/masde6.com\/?page_id=196","title":{"rendered":""},"content":{"rendered":"\n<div class=\"wp-block-image\"><figure class=\"aligncenter size-large is-resized\"><img loading=\"lazy\" decoding=\"async\" src=\"http:\/\/masde6.com\/wp-content\/uploads\/2021\/05\/retorno-infinito.png\" alt=\"\" class=\"wp-image-434\" width=\"587\" height=\"120\" srcset=\"https:\/\/masde6.com\/wp-content\/uploads\/2021\/05\/retorno-infinito.png 793w, https:\/\/masde6.com\/wp-content\/uploads\/2021\/05\/retorno-infinito-300x61.png 300w, https:\/\/masde6.com\/wp-content\/uploads\/2021\/05\/retorno-infinito-768x157.png 768w\" sizes=\"auto, (max-width: 587px) 100vw, 587px\" \/><\/figure><\/div>\n\n\n\n<p class=\"has-black-color has-text-color\">Una alternativa id\u00f3nea para personas que quieren comenzar a invertir pero cuentan con poca o nula liquidez inmediata para hacerlo.<\/p>\n\n\n\n<p class=\"has-black-color has-text-color\">Brindamos asesor\u00eda y realizamos la b\u00fasqueda, gesti\u00f3n y tr\u00e1mite personalizado  de un cr\u00e9dito amigable e ideal dadas tus necesidades. Dicho cr\u00e9dito ser\u00e1 empleado para la adquisici\u00f3n parcial o total de alg\u00fan bien mueble o inmueble que te generar\u00e1 un ingreso constante con un  riesgo m\u00ednimo<\/p>\n\n\n\n<div class=\"wp-block-image\"><figure class=\"aligncenter size-large is-resized\"><img loading=\"lazy\" decoding=\"async\" src=\"http:\/\/masde6.com\/wp-content\/uploads\/2021\/02\/ventajas-y-desv-1-1024x275.png\" alt=\"\" class=\"wp-image-284\" width=\"525\" height=\"140\" srcset=\"https:\/\/masde6.com\/wp-content\/uploads\/2021\/02\/ventajas-y-desv-1-1024x275.png 1024w, https:\/\/masde6.com\/wp-content\/uploads\/2021\/02\/ventajas-y-desv-1-300x81.png 300w, https:\/\/masde6.com\/wp-content\/uploads\/2021\/02\/ventajas-y-desv-1-768x206.png 768w, https:\/\/masde6.com\/wp-content\/uploads\/2021\/02\/ventajas-y-desv-1-1536x413.png 1536w, https:\/\/masde6.com\/wp-content\/uploads\/2021\/02\/ventajas-y-desv-1.png 1644w\" sizes=\"auto, (max-width: 525px) 100vw, 525px\" \/><\/figure><\/div>\n\n\n\n<div class=\"wp-block-columns is-layout-flex wp-container-core-columns-is-layout-9d6595d7 wp-block-columns-is-layout-flex\">\n<div class=\"wp-block-column is-layout-flow wp-block-column-is-layout-flow\">\n<p class=\"has-text-align-center has-yellow-color has-text-color\"><strong>VENTAJAS<\/strong><\/p>\n\n\n\n<ul class=\"wp-block-list\"><li><span class=\"has-inline-color has-black-color\">NULA INVERSI\u00d3N DE CAPITAL PROPIO <\/span><\/li><li><span class=\"has-inline-color has-black-color\">INGRESOS CONSTANTES MENSUALES, TRIMESTRALES O SEMESTRALES<\/span><\/li><li><span class=\"has-inline-color has-black-color\">RIESGO M\u00cdNIMO DE PERDIDA DE CAPITAL PROPIO<\/span><\/li><\/ul>\n<\/div>\n\n\n\n<div class=\"wp-block-column is-layout-flow wp-block-column-is-layout-flow\">\n<p class=\"has-text-align-center has-yellow-color has-text-color\"><strong>DESVENTAJAS<\/strong><\/p>\n\n\n\n<ul class=\"wp-block-list\"><li><span class=\"has-inline-color has-black-color\">INDISPENSABLE COMPROBR  INGRESOS<\/span><\/li><li><span class=\"has-inline-color has-black-color\">INDISPENSABLE TENER BUEN HISTORIAL CREDITICIO<\/span><\/li><li><span class=\"has-inline-color has-black-color\">CONTRATO M\u00cdNIMO POR 36 MESES<\/span><\/li><\/ul>\n<\/div>\n\n\n\n<div class=\"wp-block-column is-layout-flow wp-block-column-is-layout-flow\">\n<p class=\"has-text-align-center has-yellow-color has-text-color\"><strong><span class=\"has-inline-color has-yellow-color\">RIESGO<\/span><\/strong><\/p>\n\n\n\n<ul class=\"wp-block-list\"><li><span class=\"has-inline-color has-black-color\">RIESGO DE PERDIDA DE CAPITAL: CERO<\/span><\/li><\/ul>\n\n\n\n<ul class=\"wp-block-list\"><li><span class=\"has-inline-color has-black-color\">PEOR ESCENARIO DE RIESGO: MAL COMPORTAMIENTO EN BUR\u00d3 DE CR\u00c9DITO POR:<\/span><ul><li><span class=\"has-inline-color has-black-color\">RETRASO PERSONAL DE PAGO<\/span><\/li><li><span class=\"has-inline-color has-black-color\">RIESGO NATURAL PREVISTO EN PERIODO DE INVERSION<\/span><\/li><\/ul><\/li><\/ul>\n\n\n\n<p><\/p>\n<\/div>\n<\/div>\n\n\n\n<div class=\"wp-block-image\"><figure class=\"aligncenter size-large is-resized\"><img loading=\"lazy\" decoding=\"async\" src=\"http:\/\/masde6.com\/wp-content\/uploads\/2021\/02\/GANANCIAS.png\" alt=\"\" class=\"wp-image-285\" width=\"394\" height=\"130\" srcset=\"https:\/\/masde6.com\/wp-content\/uploads\/2021\/02\/GANANCIAS.png 907w, https:\/\/masde6.com\/wp-content\/uploads\/2021\/02\/GANANCIAS-300x99.png 300w, https:\/\/masde6.com\/wp-content\/uploads\/2021\/02\/GANANCIAS-768x253.png 768w\" sizes=\"auto, (max-width: 394px) 100vw, 394px\" \/><\/figure><\/div>\n\n\n\n<p class=\"has-yellow-color has-text-color\"><span class=\"has-inline-color has-black-color\">En +de6% analizamos el potencial y potencial de cada uno de nuestros clientes por lo que todos nuestros esquemas son personalizados de acuerdo a cada cliente. Ac\u00e9rcate a nuestros asesores para conocer tu propuesta de inversi\u00f3n, ganancias y riesgos asumidos<\/span><\/p>\n","protected":false},"excerpt":{"rendered":"<p>Una alternativa id\u00f3nea para personas que quieren comenzar a invertir pero cuentan con poca o nula liquidez inmediata para hacerlo. Brindamos asesor\u00eda y realizamos la b\u00fasqueda, gesti\u00f3n y tr\u00e1mite personalizado<\/p>\n<p class=\"more-link\"><a href=\"https:\/\/masde6.com\/?page_id=196\" class=\"readmore\">Seguir leyendo<svg class=\"icon icon-arrow-right\" aria-hidden=\"true\" role=\"img\"> <use href=\"#icon-arrow-right\" xlink:href=\"#icon-arrow-right\"><\/use> <\/svg><span class=\"screen-reader-text\"><\/span><\/a><\/p>\n","protected":false},"author":2,"featured_media":0,"parent":0,"menu_order":0,"comment_status":"closed","ping_status":"closed","template":"templates\/full-width-page.php","meta":{"footnotes":""},"class_list":["post-196","page","type-page","status-publish","hentry"],"_links":{"self":[{"href":"https:\/\/masde6.com\/index.php?rest_route=\/wp\/v2\/pages\/196","targetHints":{"allow":["GET"]}}],"collection":[{"href":"https:\/\/masde6.com\/index.php?rest_route=\/wp\/v2\/pages"}],"about":[{"href":"https:\/\/masde6.com\/index.php?rest_route=\/wp\/v2\/types\/page"}],"author":[{"embeddable":true,"href":"https:\/\/masde6.com\/index.php?rest_route=\/wp\/v2\/users\/2"}],"replies":[{"embeddable":true,"href":"https:\/\/masde6.com\/index.php?rest_route=%2Fwp%2Fv2%2Fcomments&post=196"}],"version-history":[{"count":6,"href":"https:\/\/masde6.com\/index.php?rest_route=\/wp\/v2\/pages\/196\/revisions"}],"predecessor-version":[{"id":438,"href":"https:\/\/masde6.com\/index.php?rest_route=\/wp\/v2\/pages\/196\/revisions\/438"}],"wp:attachment":[{"href":"https:\/\/masde6.com\/index.php?rest_route=%2Fwp%2Fv2%2Fmedia&parent=196"}],"curies":[{"name":"wp","href":"https:\/\/api.w.org\/{rel}","templated":true}]}}