{"id":197,"date":"2021-02-14T21:14:03","date_gmt":"2021-02-14T21:14:03","guid":{"rendered":"http:\/\/masde6.com\/?page_id=197"},"modified":"2021-05-29T21:19:02","modified_gmt":"2021-05-29T21:19:02","slug":"inversion-de-bienes","status":"publish","type":"page","link":"https:\/\/masde6.com\/?page_id=197","title":{"rendered":""},"content":{"rendered":"\n<div class=\"wp-block-image\"><figure class=\"aligncenter size-large is-resized\"><img loading=\"lazy\" decoding=\"async\" src=\"http:\/\/masde6.com\/wp-content\/uploads\/2021\/05\/1-inversiondebienes-tit-1024x228.png\" alt=\"\" class=\"wp-image-439\" width=\"724\" height=\"161\" srcset=\"https:\/\/masde6.com\/wp-content\/uploads\/2021\/05\/1-inversiondebienes-tit-1024x228.png 1024w, https:\/\/masde6.com\/wp-content\/uploads\/2021\/05\/1-inversiondebienes-tit-300x67.png 300w, https:\/\/masde6.com\/wp-content\/uploads\/2021\/05\/1-inversiondebienes-tit-768x171.png 768w, https:\/\/masde6.com\/wp-content\/uploads\/2021\/05\/1-inversiondebienes-tit.png 1135w\" sizes=\"auto, (max-width: 724px) 100vw, 724px\" \/><\/figure><\/div>\n\n\n\n<p class=\"has-black-color has-text-color\"><strong>Algunas veces contamos con algunos bienes muebles o inmuebles que nos pueden ser m\u00e1s \u00fatiles obteniendo un provecho financiero de ellos.<\/strong><\/p>\n\n\n\n<p class=\"has-black-color has-text-color\"><strong>En +de6% conectamos dichos bienes con un uso id\u00f3neo que nos permita maximizar tus ingresos<\/strong>.<\/p>\n\n\n\n<p class=\"has-black-color has-text-color\">Administraci\u00f3n de bienes muebles para uso predeterminado&nbsp; o inmuebles para creaci\u00f3n de proyectos con los mismos<\/p>\n\n\n\n<h5 class=\"has-yellow-color has-text-color wp-block-heading\">\u00bfQu\u00e9 tipo de bienes puedo invertir?<\/h5>\n\n\n\n<div class=\"wp-block-columns is-layout-flex wp-container-core-columns-is-layout-9d6595d7 wp-block-columns-is-layout-flex\">\n<div class=\"wp-block-column is-layout-flow wp-block-column-is-layout-flow\">\n<div class=\"wp-block-image\"><figure class=\"aligncenter size-large is-resized\"><img loading=\"lazy\" decoding=\"async\" src=\"http:\/\/masde6.com\/wp-content\/uploads\/2021\/02\/vehiculos-3.png\" alt=\"\" class=\"wp-image-324\" width=\"228\" height=\"228\" srcset=\"https:\/\/masde6.com\/wp-content\/uploads\/2021\/02\/vehiculos-3.png 512w, https:\/\/masde6.com\/wp-content\/uploads\/2021\/02\/vehiculos-3-300x300.png 300w, https:\/\/masde6.com\/wp-content\/uploads\/2021\/02\/vehiculos-3-150x150.png 150w, https:\/\/masde6.com\/wp-content\/uploads\/2021\/02\/vehiculos-3-140x140.png 140w, https:\/\/masde6.com\/wp-content\/uploads\/2021\/02\/vehiculos-3-50x50.png 50w, https:\/\/masde6.com\/wp-content\/uploads\/2021\/02\/vehiculos-3-80x80.png 80w\" sizes=\"auto, (max-width: 228px) 100vw, 228px\" \/><figcaption>  <\/figcaption><\/figure><\/div>\n\n\n\n<p class=\"has-text-align-center has-yellow-color has-text-color\">VEH\u00cdCULOS AUTOMOTORES<\/p>\n\n\n\n<ul class=\"wp-block-list\"><li><span class=\"has-inline-color has-black-color\">GESTI\u00d3N Y ADMINISTRACI\u00d3N DEL BIEN\u00a0 PARA USO PREDETERMINADO DE ACUERDO A LAS CONDICIONES Y CARACTER\u00cdSTICAS DEL VEH\u00cdCULO. <\/span><ul><li><span class=\"has-inline-color has-black-color\">PLATAFORMAS<\/span><\/li><li><span class=\"has-inline-color has-black-color\">MENSAJER\u00cdA<\/span><\/li><li><span class=\"has-inline-color has-black-color\">SERVICIO DE TRANSPORTE EJECUTIVO<\/span><\/li><li><span class=\"has-inline-color has-black-color\">SERVICIO DE TRANSPORTE TUR\u00cdSTICO<\/span><\/li><\/ul><\/li><\/ul>\n<\/div>\n\n\n\n<div class=\"wp-block-column is-vertically-aligned-top is-layout-flow wp-block-column-is-layout-flow\">\n<div class=\"wp-block-image\"><figure class=\"aligncenter size-large is-resized\"><img loading=\"lazy\" decoding=\"async\" src=\"http:\/\/masde6.com\/wp-content\/uploads\/2021\/02\/TERRENO-1.png\" alt=\"\" class=\"wp-image-295\" width=\"204\" height=\"208\" srcset=\"https:\/\/masde6.com\/wp-content\/uploads\/2021\/02\/TERRENO-1.png 577w, https:\/\/masde6.com\/wp-content\/uploads\/2021\/02\/TERRENO-1-293x300.png 293w, https:\/\/masde6.com\/wp-content\/uploads\/2021\/02\/TERRENO-1-50x50.png 50w\" sizes=\"auto, (max-width: 204px) 100vw, 204px\" \/><figcaption><span class=\"has-inline-color has-eighty-black-color\">(PR\u00d3XIMAMENTE)<\/span><\/figcaption><\/figure><\/div>\n\n\n\n<p class=\"has-text-align-center has-yellow-color has-text-color\">INMUEBLES &#8211; TERRENOS<\/p>\n<\/div>\n\n\n\n<div class=\"wp-block-column is-layout-flow wp-block-column-is-layout-flow\">\n<div class=\"wp-block-image\"><figure class=\"aligncenter size-full is-resized\"><img loading=\"lazy\" decoding=\"async\" src=\"http:\/\/masde6.com\/wp-content\/uploads\/2021\/02\/INMUEBLES.png\" alt=\"\" class=\"wp-image-293\" width=\"374\" height=\"211\" srcset=\"https:\/\/masde6.com\/wp-content\/uploads\/2021\/02\/INMUEBLES.png 890w, https:\/\/masde6.com\/wp-content\/uploads\/2021\/02\/INMUEBLES-300x170.png 300w, https:\/\/masde6.com\/wp-content\/uploads\/2021\/02\/INMUEBLES-768x435.png 768w\" sizes=\"auto, (max-width: 374px) 100vw, 374px\" \/><figcaption><span class=\"has-inline-color has-eighty-black-color\">(PR\u00d3XIMAMENTE)<\/span><\/figcaption><\/figure><\/div>\n\n\n\n<p class=\"has-text-align-center has-yellow-color has-text-color\">INMUEBLES -CONSTRUCCI\u00d3N<\/p>\n<\/div>\n<\/div>\n\n\n\n<div class=\"wp-block-image\"><figure class=\"aligncenter size-large is-resized\"><img loading=\"lazy\" decoding=\"async\" src=\"http:\/\/masde6.com\/wp-content\/uploads\/2021\/02\/ventajas-y-desv-2-1024x275.png\" alt=\"\" class=\"wp-image-301\" width=\"632\" height=\"169\" srcset=\"https:\/\/masde6.com\/wp-content\/uploads\/2021\/02\/ventajas-y-desv-2-1024x275.png 1024w, https:\/\/masde6.com\/wp-content\/uploads\/2021\/02\/ventajas-y-desv-2-300x81.png 300w, https:\/\/masde6.com\/wp-content\/uploads\/2021\/02\/ventajas-y-desv-2-768x206.png 768w, https:\/\/masde6.com\/wp-content\/uploads\/2021\/02\/ventajas-y-desv-2-1536x413.png 1536w, https:\/\/masde6.com\/wp-content\/uploads\/2021\/02\/ventajas-y-desv-2.png 1644w\" sizes=\"auto, (max-width: 632px) 100vw, 632px\" \/><figcaption><span class=\"has-inline-color has-eighty-black-color\">ESTE TIPO DE INVERSI\u00d3N EST\u00c1 ORIENTADO A PERSONAS CON UN  PERFIL DE INVERSI\u00d3N  CON MAYOR RIESGO Y UN MAYOR INGRESO<\/span><\/figcaption><\/figure><\/div>\n\n\n\n<div class=\"wp-block-columns is-layout-flex wp-container-core-columns-is-layout-9d6595d7 wp-block-columns-is-layout-flex\">\n<div class=\"wp-block-column is-layout-flow wp-block-column-is-layout-flow\">\n<p class=\"has-text-align-center has-yellow-color has-text-color\"><span class=\"has-inline-color has-yellow-color\">VENTAJAS<\/span><\/p>\n\n\n\n<ul class=\"has-black-color has-text-color wp-block-list\"><li>GANANCIA MENSUAL, TRIMESTRAL O SEMESTRAL FIJA<\/li><li><strong>ESQUEMA DE INVERSI\u00d3N CON EL M\u00c1S ALTO MARGEN DE GANANCIA<\/strong><\/li><li>GESTI\u00d3N YADMINISTRACI\u00d3N TOTAL DE LA INVERSI\u00d3N POR PARTE DE M\u00c1S DE 6%<\/li><li>EL INVERSIONISTA CONSERVA EL TITULO DE PROPIEDAD DE SU BIEN <\/li><li>UNA VEZ CONCLUIDO EL PERIODO DE INVERSI\u00d3N SEGUIR\u00c1S CONSERVANDO TU BIEN Y PUEDES RENOVAR TU CONTRATO <\/li><li>EL INVERSIONISTA MANTIENE&nbsp; CERTIDUMBRE EN TODO MOMENTO <\/li><\/ul>\n<\/div>\n\n\n\n<div class=\"wp-block-column is-layout-flow wp-block-column-is-layout-flow\">\n<p class=\"has-text-align-center has-yellow-color has-text-color\">DESVENTAJAS<\/p>\n\n\n\n<p class=\"has-black-color has-text-color\">\u2022ABSORCI\u00d3N TOTAL DEL RIESGO POR PARTE DEL CLIENTE <\/p>\n\n\n\n<p class=\"has-black-color has-text-color\">\u2022 COSTOS DE MANTENIMIENTO ABSORBIDOS POR EL CLIENTE<\/p>\n<\/div>\n\n\n\n<div class=\"wp-block-column is-layout-flow wp-block-column-is-layout-flow\">\n<p class=\"has-text-align-center has-yellow-color has-text-color\">RIESGOS<\/p>\n\n\n\n<p class=\"has-black-color has-text-color\">\u2022 RIESGO OPERATIVO  Y  RIESGO DE PERDIDA  &nbsp;LO ABSORBE CLIENTE&nbsp;<\/p>\n<\/div>\n<\/div>\n\n\n\n<div class=\"wp-block-image\"><figure class=\"aligncenter size-large is-resized\"><img loading=\"lazy\" decoding=\"async\" src=\"http:\/\/masde6.com\/wp-content\/uploads\/2021\/02\/GANANCIAS-1.png\" alt=\"\" class=\"wp-image-302\" width=\"452\" height=\"149\" srcset=\"https:\/\/masde6.com\/wp-content\/uploads\/2021\/02\/GANANCIAS-1.png 907w, https:\/\/masde6.com\/wp-content\/uploads\/2021\/02\/GANANCIAS-1-300x99.png 300w, https:\/\/masde6.com\/wp-content\/uploads\/2021\/02\/GANANCIAS-1-768x253.png 768w\" sizes=\"auto, (max-width: 452px) 100vw, 452px\" \/><\/figure><\/div>\n\n\n\n<p class=\"has-black-color has-text-color\">En +de6% analizamos el potencial y potencial de cada uno de nuestros clientes por lo que todos nuestros esquemas son personalizados de acuerdo a cada cliente. Ac\u00e9rcate a nuestros asesores para conocer tu propuesta de inversi\u00f3n, ganancias y riesgos asumidos<\/p>\n","protected":false},"excerpt":{"rendered":"<p>Algunas veces contamos con algunos bienes muebles o inmuebles que nos pueden ser m\u00e1s \u00fatiles obteniendo un provecho financiero de ellos. En +de6% conectamos dichos bienes con un uso id\u00f3neo<\/p>\n<p class=\"more-link\"><a href=\"https:\/\/masde6.com\/?page_id=197\" class=\"readmore\">Seguir leyendo<svg class=\"icon icon-arrow-right\" aria-hidden=\"true\" role=\"img\"> <use href=\"#icon-arrow-right\" xlink:href=\"#icon-arrow-right\"><\/use> <\/svg><span class=\"screen-reader-text\"><\/span><\/a><\/p>\n","protected":false},"author":2,"featured_media":0,"parent":0,"menu_order":0,"comment_status":"closed","ping_status":"closed","template":"templates\/full-width-page.php","meta":{"footnotes":""},"class_list":["post-197","page","type-page","status-publish","hentry"],"_links":{"self":[{"href":"https:\/\/masde6.com\/index.php?rest_route=\/wp\/v2\/pages\/197","targetHints":{"allow":["GET"]}}],"collection":[{"href":"https:\/\/masde6.com\/index.php?rest_route=\/wp\/v2\/pages"}],"about":[{"href":"https:\/\/masde6.com\/index.php?rest_route=\/wp\/v2\/types\/page"}],"author":[{"embeddable":true,"href":"https:\/\/masde6.com\/index.php?rest_route=\/wp\/v2\/users\/2"}],"replies":[{"embeddable":true,"href":"https:\/\/masde6.com\/index.php?rest_route=%2Fwp%2Fv2%2Fcomments&post=197"}],"version-history":[{"count":22,"href":"https:\/\/masde6.com\/index.php?rest_route=\/wp\/v2\/pages\/197\/revisions"}],"predecessor-version":[{"id":441,"href":"https:\/\/masde6.com\/index.php?rest_route=\/wp\/v2\/pages\/197\/revisions\/441"}],"wp:attachment":[{"href":"https:\/\/masde6.com\/index.php?rest_route=%2Fwp%2Fv2%2Fmedia&parent=197"}],"curies":[{"name":"wp","href":"https:\/\/api.w.org\/{rel}","templated":true}]}}