{"id":199,"date":"2021-02-14T21:14:03","date_gmt":"2021-02-14T21:14:03","guid":{"rendered":"http:\/\/masde6.com\/?page_id=199"},"modified":"2021-05-29T21:28:44","modified_gmt":"2021-05-29T21:28:44","slug":"inversion-de-capital-propio","status":"publish","type":"page","link":"https:\/\/masde6.com\/?page_id=199","title":{"rendered":""},"content":{"rendered":"\n<div class=\"wp-block-image\"><figure class=\"aligncenter size-large is-resized\"><img loading=\"lazy\" decoding=\"async\" src=\"http:\/\/masde6.com\/wp-content\/uploads\/2021\/05\/1capitalpropiotitulo-1024x146.png\" alt=\"\" class=\"wp-image-442\" width=\"830\" height=\"118\" srcset=\"https:\/\/masde6.com\/wp-content\/uploads\/2021\/05\/1capitalpropiotitulo-1024x146.png 1024w, https:\/\/masde6.com\/wp-content\/uploads\/2021\/05\/1capitalpropiotitulo-300x43.png 300w, https:\/\/masde6.com\/wp-content\/uploads\/2021\/05\/1capitalpropiotitulo-768x109.png 768w, https:\/\/masde6.com\/wp-content\/uploads\/2021\/05\/1capitalpropiotitulo.png 1433w\" sizes=\"auto, (max-width: 830px) 100vw, 830px\" \/><\/figure><\/div>\n\n\n\n<p class=\"has-black-color has-text-color\"><strong>El dinero ahorrado, con el tiempo, pierde valor.<\/strong><\/p>\n\n\n\n<p class=\"has-black-color has-text-color\"><strong>Una inversi\u00f3n tradicional puede devolverte un rendimiento, sin embargo para que este sea altamente significativo su riesgo debe ser correspondiente.<\/strong> <strong> En +de6% tu dinero te otorga un ingreso mensual, trimestral o anual fijo y sin variaciones durante el periodo de tu inversi\u00f3n<\/strong>.<\/p>\n\n\n\n<h5 class=\"has-yellow-color has-text-color wp-block-heading\">TIPO DE INVERSIONES PARA CAPITAL PROPIO<\/h5>\n\n\n\n<div class=\"wp-block-columns is-layout-flex wp-container-core-columns-is-layout-9d6595d7 wp-block-columns-is-layout-flex\">\n<div class=\"wp-block-column is-layout-flow wp-block-column-is-layout-flow\">\n<div class=\"wp-block-image\"><figure class=\"aligncenter size-large is-resized\"><img loading=\"lazy\" decoding=\"async\" src=\"http:\/\/masde6.com\/wp-content\/uploads\/2021\/02\/INDIVIDUAL-1.png\" alt=\"\" class=\"wp-image-317\" width=\"184\" height=\"183\" srcset=\"https:\/\/masde6.com\/wp-content\/uploads\/2021\/02\/INDIVIDUAL-1.png 502w, https:\/\/masde6.com\/wp-content\/uploads\/2021\/02\/INDIVIDUAL-1-300x300.png 300w, https:\/\/masde6.com\/wp-content\/uploads\/2021\/02\/INDIVIDUAL-1-150x150.png 150w, https:\/\/masde6.com\/wp-content\/uploads\/2021\/02\/INDIVIDUAL-1-140x140.png 140w, https:\/\/masde6.com\/wp-content\/uploads\/2021\/02\/INDIVIDUAL-1-50x50.png 50w, https:\/\/masde6.com\/wp-content\/uploads\/2021\/02\/INDIVIDUAL-1-80x80.png 80w\" sizes=\"auto, (max-width: 184px) 100vw, 184px\" \/><figcaption> <\/figcaption><\/figure><\/div>\n\n\n\n<p class=\"has-text-align-center has-yellow-color has-text-color\">INVERSI\u00d3N DE CAPITAL INDIVIDUAL<\/p>\n\n\n\n<ul class=\"has-black-color has-text-color wp-block-list\"><li>ARMADO, GESTI\u00d3N, COMPRA Y ADMINISTRACI\u00d3N DE UN PORTAFOLIO DE BIENES MUEBLES<\/li><li>CLIENTE NO CONSERVA LA PROPIEDAD DE NINGUN BIEN MUEBLE O INMUEBLE GESTIONADO EN SU PORTAFOLIO<\/li><li>CLIENTE RECIBE SU RENDIMIENTO TRIMESTRAL, SEMESTRAL O ANUAL DURANTE EL PERIODO DEL CONTRATO. <\/li><li>AL FINALIZAR EL CONTRATO, EL CLIENTE  RECIBE DE REGRESO EL&nbsp; MONTO MONETARIO CORRESPONDIENTE A SU INVERSI\u00d3N INICIAL<\/li><li>CONTRATO A LARGO PLAZO <\/li><li>RIESGO COMPARTIDO:<ul><li>RIESGO OPERATIVO LO ABSORBE&nbsp; +6 <\/li><li>RIESGO DE PERDIDA TOTAL &nbsp;LO ABSORBE CLIENTE \u2022GANANCIA ASEGURADA<\/li><\/ul><\/li><\/ul>\n<\/div>\n\n\n\n<div class=\"wp-block-column is-layout-flow wp-block-column-is-layout-flow\">\n<div class=\"wp-block-image\"><figure class=\"aligncenter size-large is-resized\"><img loading=\"lazy\" decoding=\"async\" src=\"http:\/\/masde6.com\/wp-content\/uploads\/2021\/02\/INDCOLECTIVO-1-1024x922.png\" alt=\"\" class=\"wp-image-318\" width=\"213\" height=\"192\" srcset=\"https:\/\/masde6.com\/wp-content\/uploads\/2021\/02\/INDCOLECTIVO-1-1024x922.png 1024w, https:\/\/masde6.com\/wp-content\/uploads\/2021\/02\/INDCOLECTIVO-1-300x270.png 300w, https:\/\/masde6.com\/wp-content\/uploads\/2021\/02\/INDCOLECTIVO-1-768x692.png 768w, https:\/\/masde6.com\/wp-content\/uploads\/2021\/02\/INDCOLECTIVO-1.png 1348w\" sizes=\"auto, (max-width: 213px) 100vw, 213px\" \/><figcaption><span class=\"has-inline-color has-eighty-black-color\">(Pr\u00f3ximamente)<\/span><\/figcaption><\/figure><\/div>\n\n\n\n<p class=\"has-text-align-center has-yellow-color has-text-color\">INVERSI\u00d3N FONDO COLECTIVO<\/p>\n\n\n\n<ul class=\"has-black-color has-text-color wp-block-list\"><li>ACERCAMOS UN BIEN INMUEBLE EXISTENTE, CON UN PROYECTO CREADO Y ESTRUCTURADO, CON CAPITAL FONDEADO COLECTIVAMENTE<\/li><li><em>ESTE TIPO DE INVERSI\u00d3N EST\u00c1 ORIENTADO A PERSONAS CON UN PERFIL DE INVERSI\u00d3N A LARGO PLAZO. <\/em> <\/li><li>EL INICIO DEL RETORNO DE INVERSI\u00d3N DEPENDE DE LA TOTALIDAD DEL FONDEO DE DICHO PROYECTO Y DE LA APERTURA DE LA OPERACI\u00d3N DEL MISMO.<\/li><\/ul>\n\n\n\n<p><\/p>\n<\/div>\n<\/div>\n\n\n\n<div class=\"wp-block-image\"><figure class=\"aligncenter size-large is-resized\"><img loading=\"lazy\" decoding=\"async\" src=\"http:\/\/masde6.com\/wp-content\/uploads\/2021\/02\/GANANCIAS-2.png\" alt=\"\" class=\"wp-image-316\" width=\"467\" height=\"154\" srcset=\"https:\/\/masde6.com\/wp-content\/uploads\/2021\/02\/GANANCIAS-2.png 907w, https:\/\/masde6.com\/wp-content\/uploads\/2021\/02\/GANANCIAS-2-300x99.png 300w, https:\/\/masde6.com\/wp-content\/uploads\/2021\/02\/GANANCIAS-2-768x253.png 768w\" sizes=\"auto, (max-width: 467px) 100vw, 467px\" \/><\/figure><\/div>\n\n\n\n<p class=\"has-black-color has-text-color\">En +de6% analizamos el potencial y potencial de cada uno de nuestros clientes por lo que todos nuestros esquemas son personalizados de acuerdo a cada cliente. Ac\u00e9rcate a nuestros asesores para conocer tu propuesta de inversi\u00f3n, ganancias y riesgos asumidos<\/p>\n","protected":false},"excerpt":{"rendered":"<p>El dinero ahorrado, con el tiempo, pierde valor. Una inversi\u00f3n tradicional puede devolverte un rendimiento, sin embargo para que este sea altamente significativo su riesgo debe ser correspondiente. En +de6%<\/p>\n<p class=\"more-link\"><a href=\"https:\/\/masde6.com\/?page_id=199\" class=\"readmore\">Seguir leyendo<svg class=\"icon icon-arrow-right\" aria-hidden=\"true\" role=\"img\"> <use href=\"#icon-arrow-right\" xlink:href=\"#icon-arrow-right\"><\/use> <\/svg><span class=\"screen-reader-text\"><\/span><\/a><\/p>\n","protected":false},"author":2,"featured_media":0,"parent":0,"menu_order":0,"comment_status":"closed","ping_status":"closed","template":"templates\/full-width-page.php","meta":{"footnotes":""},"class_list":["post-199","page","type-page","status-publish","hentry"],"_links":{"self":[{"href":"https:\/\/masde6.com\/index.php?rest_route=\/wp\/v2\/pages\/199","targetHints":{"allow":["GET"]}}],"collection":[{"href":"https:\/\/masde6.com\/index.php?rest_route=\/wp\/v2\/pages"}],"about":[{"href":"https:\/\/masde6.com\/index.php?rest_route=\/wp\/v2\/types\/page"}],"author":[{"embeddable":true,"href":"https:\/\/masde6.com\/index.php?rest_route=\/wp\/v2\/users\/2"}],"replies":[{"embeddable":true,"href":"https:\/\/masde6.com\/index.php?rest_route=%2Fwp%2Fv2%2Fcomments&post=199"}],"version-history":[{"count":9,"href":"https:\/\/masde6.com\/index.php?rest_route=\/wp\/v2\/pages\/199\/revisions"}],"predecessor-version":[{"id":444,"href":"https:\/\/masde6.com\/index.php?rest_route=\/wp\/v2\/pages\/199\/revisions\/444"}],"wp:attachment":[{"href":"https:\/\/masde6.com\/index.php?rest_route=%2Fwp%2Fv2%2Fmedia&parent=199"}],"curies":[{"name":"wp","href":"https:\/\/api.w.org\/{rel}","templated":true}]}}