{"id":210,"date":"2021-02-14T21:17:43","date_gmt":"2021-02-14T21:17:43","guid":{"rendered":"http:\/\/masde6.com\/?page_id=210"},"modified":"2021-06-07T18:23:22","modified_gmt":"2021-06-07T18:23:22","slug":"inversiones","status":"publish","type":"page","link":"https:\/\/masde6.com\/?page_id=210","title":{"rendered":""},"content":{"rendered":"\n<div class=\"wp-block-columns is-layout-flex wp-container-core-columns-is-layout-9d6595d7 wp-block-columns-is-layout-flex\">\n<div class=\"wp-block-column is-layout-flow wp-block-column-is-layout-flow\" style=\"flex-basis:100%\">\n<div class=\"wp-block-image\"><figure class=\"aligncenter size-large is-resized\"><img loading=\"lazy\" decoding=\"async\" src=\"http:\/\/masde6.com\/wp-content\/uploads\/2021\/05\/1retorno-infinito-1-1024x123.png\" alt=\"\" class=\"wp-image-423\" width=\"892\" height=\"118\"\/><figcaption><a href=\"http:\/\/masde6.com\/?page_id=196\"><strong><span class=\"has-inline-color has-yellow-color\">CLICK AQU\u00cd PARA M\u00c1S INFORMACI\u00d3N<\/span><\/strong><\/a><\/figcaption><\/figure><\/div>\n\n\n\n<div class=\"wp-block-image\"><figure class=\"aligncenter size-large is-resized\"><img loading=\"lazy\" decoding=\"async\" src=\"http:\/\/masde6.com\/wp-content\/uploads\/2021\/05\/1bienes-1-1024x123.png\" alt=\"\" class=\"wp-image-424\" width=\"879\" height=\"113\"\/><figcaption><a href=\"http:\/\/masde6.com\/?page_id=197\"><strong><span class=\"has-inline-color has-black-color\">CLICK AQU\u00cd PARA M\u00c1S INFORMACI\u00d3N<\/span><\/strong><\/a><\/figcaption><\/figure><\/div>\n\n\n\n<div class=\"wp-block-image\"><figure class=\"aligncenter size-large is-resized\"><img loading=\"lazy\" decoding=\"async\" src=\"http:\/\/masde6.com\/wp-content\/uploads\/2021\/05\/1capital-propio-1-1024x127.png\" alt=\"\" class=\"wp-image-425\" width=\"891\" height=\"119\"\/><figcaption><strong><a href=\"http:\/\/masde6.com\/?page_id=199\"><span class=\"has-inline-color has-yellow-color\">CLICK AQU\u00cd PARA M\u00c1S INFORMACI\u00d3N<\/span><\/a><\/strong><\/figcaption><\/figure><\/div>\n\n\n\n<p><\/p>\n<\/div>\n<\/div>\n\n\n\n<div class=\"wp-block-image\"><figure class=\"aligncenter size-large is-resized\"><img loading=\"lazy\" decoding=\"async\" src=\"http:\/\/masde6.com\/wp-content\/uploads\/2021\/05\/1ganancias-1024x271.png\" alt=\"\" class=\"wp-image-427\" width=\"804\" height=\"204\"\/><\/figure><\/div>\n","protected":false},"excerpt":{"rendered":"","protected":false},"author":2,"featured_media":0,"parent":0,"menu_order":0,"comment_status":"closed","ping_status":"closed","template":"templates\/full-width-page.php","meta":{"footnotes":""},"class_list":["post-210","page","type-page","status-publish","hentry"],"_links":{"self":[{"href":"https:\/\/masde6.com\/index.php?rest_route=\/wp\/v2\/pages\/210","targetHints":{"allow":["GET"]}}],"collection":[{"href":"https:\/\/masde6.com\/index.php?rest_route=\/wp\/v2\/pages"}],"about":[{"href":"https:\/\/masde6.com\/index.php?rest_route=\/wp\/v2\/types\/page"}],"author":[{"embeddable":true,"href":"https:\/\/masde6.com\/index.php?rest_route=\/wp\/v2\/users\/2"}],"replies":[{"embeddable":true,"href":"https:\/\/masde6.com\/index.php?rest_route=%2Fwp%2Fv2%2Fcomments&post=210"}],"version-history":[{"count":15,"href":"https:\/\/masde6.com\/index.php?rest_route=\/wp\/v2\/pages\/210\/revisions"}],"predecessor-version":[{"id":450,"href":"https:\/\/masde6.com\/index.php?rest_route=\/wp\/v2\/pages\/210\/revisions\/450"}],"wp:attachment":[{"href":"https:\/\/masde6.com\/index.php?rest_route=%2Fwp%2Fv2%2Fmedia&parent=210"}],"curies":[{"name":"wp","href":"https:\/\/api.w.org\/{rel}","templated":true}]}}