{"id":23,"date":"2021-02-09T00:01:42","date_gmt":"2021-02-09T00:01:42","guid":{"rendered":"http:\/\/masde6.com\/?page_id=23"},"modified":"2021-05-29T20:39:06","modified_gmt":"2021-05-29T20:39:06","slug":"acerca-de","status":"publish","type":"page","link":"https:\/\/masde6.com\/","title":{"rendered":""},"content":{"rendered":"\n<figure class=\"wp-block-image size-large\"><img loading=\"lazy\" decoding=\"async\" width=\"1024\" height=\"886\" src=\"http:\/\/masde6.com\/wp-content\/uploads\/2021\/05\/1pagina-principal-1024x886.png\" alt=\"\" class=\"wp-image-407\" srcset=\"https:\/\/masde6.com\/wp-content\/uploads\/2021\/05\/1pagina-principal-1024x886.png 1024w, https:\/\/masde6.com\/wp-content\/uploads\/2021\/05\/1pagina-principal-300x259.png 300w, https:\/\/masde6.com\/wp-content\/uploads\/2021\/05\/1pagina-principal-768x664.png 768w, https:\/\/masde6.com\/wp-content\/uploads\/2021\/05\/1pagina-principal-1536x1328.png 1536w, https:\/\/masde6.com\/wp-content\/uploads\/2021\/05\/1pagina-principal-2048x1771.png 2048w\" sizes=\"auto, (max-width: 1024px) 100vw, 1024px\" \/><\/figure>\n\n\n\n<h4 class=\"has-text-align-right has-yellow-color has-text-color wp-block-heading\">&#8230; algunos datos<\/h4>\n\n\n\n<p><\/p>\n\n\n\n<ul class=\"has-black-color has-text-color wp-block-list\"><li>66% <strong>de las personas cree&nbsp; que la informaci\u00f3n sobre inversiones es confusa y dif\u00edcil de comprender<\/strong><\/li><li><em>54% <\/em><strong>de los mexicanos sienten que no tienen el dinero suficiente para comenzar a invertir<\/strong><\/li><li><em>27% <\/em><strong>de los mexicanos no invierten porque desean y requieren equilibrar sus necesidades a corto y largo plazo<\/strong><\/li><li><em>M\u00e1s de 1\/3<\/em> <strong>de los mexicanos considera que la raz\u00f3n por la que a\u00fan no han empezado a ahorrar para la jubilaci\u00f3n, es porque priorizan necesidades inmediatas<\/strong><\/li><\/ul>\n\n\n\n<p><\/p>\n","protected":false},"excerpt":{"rendered":"<p>&#8230; algunos datos 66% de las personas cree&nbsp; que la informaci\u00f3n sobre inversiones es confusa y dif\u00edcil de comprender 54% de los mexicanos sienten que no tienen el dinero suficiente<\/p>\n<p class=\"more-link\"><a href=\"https:\/\/masde6.com\/\" class=\"readmore\">Seguir leyendo<svg class=\"icon icon-arrow-right\" aria-hidden=\"true\" role=\"img\"> <use href=\"#icon-arrow-right\" xlink:href=\"#icon-arrow-right\"><\/use> <\/svg><span class=\"screen-reader-text\"><\/span><\/a><\/p>\n","protected":false},"author":2,"featured_media":0,"parent":0,"menu_order":0,"comment_status":"closed","ping_status":"closed","template":"","meta":{"footnotes":""},"class_list":["post-23","page","type-page","status-publish","hentry"],"_links":{"self":[{"href":"https:\/\/masde6.com\/index.php?rest_route=\/wp\/v2\/pages\/23","targetHints":{"allow":["GET"]}}],"collection":[{"href":"https:\/\/masde6.com\/index.php?rest_route=\/wp\/v2\/pages"}],"about":[{"href":"https:\/\/masde6.com\/index.php?rest_route=\/wp\/v2\/types\/page"}],"author":[{"embeddable":true,"href":"https:\/\/masde6.com\/index.php?rest_route=\/wp\/v2\/users\/2"}],"replies":[{"embeddable":true,"href":"https:\/\/masde6.com\/index.php?rest_route=%2Fwp%2Fv2%2Fcomments&post=23"}],"version-history":[{"count":17,"href":"https:\/\/masde6.com\/index.php?rest_route=\/wp\/v2\/pages\/23\/revisions"}],"predecessor-version":[{"id":408,"href":"https:\/\/masde6.com\/index.php?rest_route=\/wp\/v2\/pages\/23\/revisions\/408"}],"wp:attachment":[{"href":"https:\/\/masde6.com\/index.php?rest_route=%2Fwp%2Fv2%2Fmedia&parent=23"}],"curies":[{"name":"wp","href":"https:\/\/api.w.org\/{rel}","templated":true}]}}